{"id":61,"date":"2024-05-17T15:23:53","date_gmt":"2024-05-17T13:23:53","guid":{"rendered":"https:\/\/www.nettopuchov.sk\/?page_id=61"},"modified":"2024-07-30T15:31:21","modified_gmt":"2024-07-30T13:31:21","slug":"upratovacie-sluzby","status":"publish","type":"page","link":"https:\/\/www.nettopuchov.sk\/?page_id=61","title":{"rendered":"CENN\u00cdK"},"content":{"rendered":"<p>\u010cistenie striech:\u00a0 \u00a0 \u00a0 \u00a0 \u00a0 \u00a0 \u00a0 \u00a0 \u00a0 \u00a0 \u00a04 \u20ac \/ m2<\/p>\n<p>\u010cistenie fas\u00e1d:\u00a0 \u00a0 \u00a0 \u00a0 \u00a0 \u00a0 \u00a0 \u00a0 \u00a0 \u00a0 \u00a0 \u00a03\u20ac \/ m2<\/p>\n<p>\u010cistenie z\u00e1mkovej dla\u017eby:\u00a0 \u00a0 2\u20ac \/ m2<\/p>\n<p>&nbsp;<\/p>\n<p>Tepovanie seda\u010diek &#8211; komplet:\u00a0 45\u20ac<\/p>\n<p>&nbsp;<\/p>\n<p>Um\u00fdvanie okien:\u00a0 8\u20ac \/ ks<\/p>\n<p>&nbsp;<\/p>\n<p>&nbsp;<\/p>\n<p>&nbsp;<\/p>\n","protected":false},"excerpt":{"rendered":"<p>\u010cistenie striech:\u00a0 \u00a0 \u00a0 \u00a0 \u00a0 \u00a0 \u00a0 \u00a0 \u00a0 \u00a0 \u00a04 \u20ac \/ m2 \u010cistenie fas\u00e1d:\u00a0 \u00a0 \u00a0 \u00a0 \u00a0 \u00a0 [&hellip;]<\/p>\n","protected":false},"author":1,"featured_media":0,"parent":0,"menu_order":0,"comment_status":"closed","ping_status":"closed","template":"","meta":{"_monsterinsights_skip_tracking":false,"_monsterinsights_sitenote_active":false,"_monsterinsights_sitenote_note":"","_monsterinsights_sitenote_category":0,"footnotes":""},"yoast_head":"<!-- This site is optimized with the Yoast SEO plugin v16.0.2 - https:\/\/yoast.com\/wordpress\/plugins\/seo\/ -->\n<title>CENN\u00cdK - Netto P\u00fachov<\/title>\n<meta name=\"description\" content=\"\u010cistenie striech:\u00a04 \u20ac \/ m2 \u010cistenie fas\u00e1d:\u00a03\u20ac \/ m2 \u010cistenie z\u00e1mkovej dla\u017eby:\u00a02\u20ac \/ m2 Tepovanie seda\u010diek - komplet:\u00a0 45\u20ac Um\u00fdvanie okien:\u00a0 8\u20ac \/ ks\" \/>\n<link rel=\"canonical\" href=\"https:\/\/www.nettopuchov.sk\/?page_id=61\" \/>\n<meta property=\"og:locale\" content=\"sk_SK\" \/>\n<meta property=\"og:type\" content=\"article\" \/>\n<meta property=\"og:title\" content=\"CENN\u00cdK - Netto P\u00fachov\" \/>\n<meta property=\"og:description\" content=\"\u010cistenie striech:\u00a04 \u20ac \/ m2 \u010cistenie fas\u00e1d:\u00a03\u20ac \/ m2 \u010cistenie z\u00e1mkovej dla\u017eby:\u00a02\u20ac \/ m2 Tepovanie seda\u010diek - komplet:\u00a0 45\u20ac Um\u00fdvanie okien:\u00a0 8\u20ac \/ ks\" \/>\n<meta property=\"og:url\" content=\"https:\/\/www.nettopuchov.sk\/?page_id=61\" \/>\n<meta property=\"og:site_name\" content=\"Netto P\u00fachov\" \/>\n<meta property=\"article:modified_time\" content=\"2024-07-30T13:31:21+00:00\" \/>\n<meta name=\"twitter:card\" content=\"summary_large_image\" \/>\n<meta name=\"twitter:label1\" content=\"Predpokladan\u00fd \u010das \u010d\u00edtania\">\n\t<meta name=\"twitter:data1\" content=\"1 min\u00fata\">\n<script type=\"application\/ld+json\" class=\"yoast-schema-graph\">{\"@context\":\"https:\/\/schema.org\",\"@graph\":[{\"@type\":\"WebSite\",\"@id\":\"https:\/\/www.nettopuchov.sk\/#website\",\"url\":\"https:\/\/www.nettopuchov.sk\/\",\"name\":\"Netto P\\u00fachov\",\"description\":\"...aby v\\u0161etko bolo \\u010dist\\u00e9...\",\"potentialAction\":[{\"@type\":\"SearchAction\",\"target\":\"https:\/\/www.nettopuchov.sk\/?s={search_term_string}\",\"query-input\":\"required name=search_term_string\"}],\"inLanguage\":\"sk-SK\"},{\"@type\":\"WebPage\",\"@id\":\"https:\/\/www.nettopuchov.sk\/?page_id=61#webpage\",\"url\":\"https:\/\/www.nettopuchov.sk\/?page_id=61\",\"name\":\"CENN\\u00cdK - Netto P\\u00fachov\",\"isPartOf\":{\"@id\":\"https:\/\/www.nettopuchov.sk\/#website\"},\"datePublished\":\"2024-05-17T13:23:53+00:00\",\"dateModified\":\"2024-07-30T13:31:21+00:00\",\"description\":\"\\u010cistenie striech:\\u00a04 \\u20ac \/ m2 \\u010cistenie fas\\u00e1d:\\u00a03\\u20ac \/ m2 \\u010cistenie z\\u00e1mkovej dla\\u017eby:\\u00a02\\u20ac \/ m2 Tepovanie seda\\u010diek - komplet:\\u00a0 45\\u20ac Um\\u00fdvanie okien:\\u00a0 8\\u20ac \/ ks\",\"breadcrumb\":{\"@id\":\"https:\/\/www.nettopuchov.sk\/?page_id=61#breadcrumb\"},\"inLanguage\":\"sk-SK\",\"potentialAction\":[{\"@type\":\"ReadAction\",\"target\":[\"https:\/\/www.nettopuchov.sk\/?page_id=61\"]}]},{\"@type\":\"BreadcrumbList\",\"@id\":\"https:\/\/www.nettopuchov.sk\/?page_id=61#breadcrumb\",\"itemListElement\":[{\"@type\":\"ListItem\",\"position\":1,\"item\":{\"@type\":\"WebPage\",\"@id\":\"https:\/\/www.nettopuchov.sk\/\",\"url\":\"https:\/\/www.nettopuchov.sk\/\",\"name\":\"Home\"}},{\"@type\":\"ListItem\",\"position\":2,\"item\":{\"@type\":\"WebPage\",\"@id\":\"https:\/\/www.nettopuchov.sk\/?page_id=61\",\"url\":\"https:\/\/www.nettopuchov.sk\/?page_id=61\",\"name\":\"CENN\\u00cdK\"}}]}]}<\/script>\n<!-- \/ Yoast SEO plugin. -->","_links":{"self":[{"href":"https:\/\/www.nettopuchov.sk\/index.php?rest_route=\/wp\/v2\/pages\/61"}],"collection":[{"href":"https:\/\/www.nettopuchov.sk\/index.php?rest_route=\/wp\/v2\/pages"}],"about":[{"href":"https:\/\/www.nettopuchov.sk\/index.php?rest_route=\/wp\/v2\/types\/page"}],"author":[{"embeddable":true,"href":"https:\/\/www.nettopuchov.sk\/index.php?rest_route=\/wp\/v2\/users\/1"}],"replies":[{"embeddable":true,"href":"https:\/\/www.nettopuchov.sk\/index.php?rest_route=%2Fwp%2Fv2%2Fcomments&post=61"}],"version-history":[{"count":5,"href":"https:\/\/www.nettopuchov.sk\/index.php?rest_route=\/wp\/v2\/pages\/61\/revisions"}],"predecessor-version":[{"id":107,"href":"https:\/\/www.nettopuchov.sk\/index.php?rest_route=\/wp\/v2\/pages\/61\/revisions\/107"}],"wp:attachment":[{"href":"https:\/\/www.nettopuchov.sk\/index.php?rest_route=%2Fwp%2Fv2%2Fmedia&parent=61"}],"curies":[{"name":"wp","href":"https:\/\/api.w.org\/{rel}","templated":true}]}}