{"id":81,"date":"2024-07-02T12:45:07","date_gmt":"2024-07-02T10:45:07","guid":{"rendered":"https:\/\/www.nettopuchov.sk\/?page_id=81"},"modified":"2024-07-02T12:45:07","modified_gmt":"2024-07-02T10:45:07","slug":"cistenie-zamkovej-dlazby","status":"publish","type":"page","link":"https:\/\/www.nettopuchov.sk\/?page_id=81","title":{"rendered":"\u010cISTENIE Z\u00c1MKOVEJ DLA\u017dBY"},"content":{"rendered":"","protected":false},"excerpt":{"rendered":"","protected":false},"author":1,"featured_media":0,"parent":41,"menu_order":0,"comment_status":"closed","ping_status":"closed","template":"","meta":{"_monsterinsights_skip_tracking":false,"_monsterinsights_sitenote_active":false,"_monsterinsights_sitenote_note":"","_monsterinsights_sitenote_category":0,"footnotes":""},"yoast_head":"<!-- This site is optimized with the Yoast SEO plugin v16.0.2 - https:\/\/yoast.com\/wordpress\/plugins\/seo\/ -->\n<title>\u010cISTENIE Z\u00c1MKOVEJ DLA\u017dBY - Netto P\u00fachov<\/title>\n<link rel=\"canonical\" href=\"https:\/\/www.nettopuchov.sk\/?page_id=81\" \/>\n<meta property=\"og:locale\" content=\"sk_SK\" \/>\n<meta property=\"og:type\" content=\"article\" \/>\n<meta property=\"og:title\" content=\"\u010cISTENIE Z\u00c1MKOVEJ DLA\u017dBY - Netto P\u00fachov\" \/>\n<meta property=\"og:url\" content=\"https:\/\/www.nettopuchov.sk\/?page_id=81\" \/>\n<meta property=\"og:site_name\" content=\"Netto P\u00fachov\" \/>\n<meta name=\"twitter:card\" content=\"summary_large_image\" \/>\n<script type=\"application\/ld+json\" class=\"yoast-schema-graph\">{\"@context\":\"https:\/\/schema.org\",\"@graph\":[{\"@type\":\"WebSite\",\"@id\":\"https:\/\/www.nettopuchov.sk\/#website\",\"url\":\"https:\/\/www.nettopuchov.sk\/\",\"name\":\"Netto P\\u00fachov\",\"description\":\"...aby v\\u0161etko bolo \\u010dist\\u00e9...\",\"potentialAction\":[{\"@type\":\"SearchAction\",\"target\":\"https:\/\/www.nettopuchov.sk\/?s={search_term_string}\",\"query-input\":\"required name=search_term_string\"}],\"inLanguage\":\"sk-SK\"},{\"@type\":\"WebPage\",\"@id\":\"https:\/\/www.nettopuchov.sk\/?page_id=81#webpage\",\"url\":\"https:\/\/www.nettopuchov.sk\/?page_id=81\",\"name\":\"\\u010cISTENIE Z\\u00c1MKOVEJ DLA\\u017dBY - Netto P\\u00fachov\",\"isPartOf\":{\"@id\":\"https:\/\/www.nettopuchov.sk\/#website\"},\"datePublished\":\"2024-07-02T10:45:07+00:00\",\"dateModified\":\"2024-07-02T10:45:07+00:00\",\"breadcrumb\":{\"@id\":\"https:\/\/www.nettopuchov.sk\/?page_id=81#breadcrumb\"},\"inLanguage\":\"sk-SK\",\"potentialAction\":[{\"@type\":\"ReadAction\",\"target\":[\"https:\/\/www.nettopuchov.sk\/?page_id=81\"]}]},{\"@type\":\"BreadcrumbList\",\"@id\":\"https:\/\/www.nettopuchov.sk\/?page_id=81#breadcrumb\",\"itemListElement\":[{\"@type\":\"ListItem\",\"position\":1,\"item\":{\"@type\":\"WebPage\",\"@id\":\"https:\/\/www.nettopuchov.sk\/\",\"url\":\"https:\/\/www.nettopuchov.sk\/\",\"name\":\"Home\"}},{\"@type\":\"ListItem\",\"position\":2,\"item\":{\"@type\":\"WebPage\",\"@id\":\"https:\/\/www.nettopuchov.sk\/\",\"url\":\"https:\/\/www.nettopuchov.sk\/\",\"name\":\"NA\\u0160E SLU\\u017dBY\"}},{\"@type\":\"ListItem\",\"position\":3,\"item\":{\"@type\":\"WebPage\",\"@id\":\"https:\/\/www.nettopuchov.sk\/?page_id=81\",\"url\":\"https:\/\/www.nettopuchov.sk\/?page_id=81\",\"name\":\"\\u010cISTENIE Z\\u00c1MKOVEJ DLA\\u017dBY\"}}]}]}<\/script>\n<!-- \/ Yoast SEO plugin. -->","_links":{"self":[{"href":"https:\/\/www.nettopuchov.sk\/index.php?rest_route=\/wp\/v2\/pages\/81"}],"collection":[{"href":"https:\/\/www.nettopuchov.sk\/index.php?rest_route=\/wp\/v2\/pages"}],"about":[{"href":"https:\/\/www.nettopuchov.sk\/index.php?rest_route=\/wp\/v2\/types\/page"}],"author":[{"embeddable":true,"href":"https:\/\/www.nettopuchov.sk\/index.php?rest_route=\/wp\/v2\/users\/1"}],"replies":[{"embeddable":true,"href":"https:\/\/www.nettopuchov.sk\/index.php?rest_route=%2Fwp%2Fv2%2Fcomments&post=81"}],"version-history":[{"count":1,"href":"https:\/\/www.nettopuchov.sk\/index.php?rest_route=\/wp\/v2\/pages\/81\/revisions"}],"predecessor-version":[{"id":82,"href":"https:\/\/www.nettopuchov.sk\/index.php?rest_route=\/wp\/v2\/pages\/81\/revisions\/82"}],"up":[{"embeddable":true,"href":"https:\/\/www.nettopuchov.sk\/index.php?rest_route=\/wp\/v2\/pages\/41"}],"wp:attachment":[{"href":"https:\/\/www.nettopuchov.sk\/index.php?rest_route=%2Fwp%2Fv2%2Fmedia&parent=81"}],"curies":[{"name":"wp","href":"https:\/\/api.w.org\/{rel}","templated":true}]}}