{"id":85,"date":"2024-07-02T12:46:02","date_gmt":"2024-07-02T10:46:02","guid":{"rendered":"https:\/\/www.nettopuchov.sk\/?page_id=85"},"modified":"2024-07-30T16:38:09","modified_gmt":"2024-07-30T14:38:09","slug":"tepovanie","status":"publish","type":"page","link":"https:\/\/www.nettopuchov.sk\/?page_id=85","title":{"rendered":"TEPOVANIE"},"content":{"rendered":"<p><img loading=\"lazy\" decoding=\"async\" class=\"alignnone size-medium wp-image-24\" src=\"https:\/\/www.nettopuchov.sk\/wp-content\/uploads\/2024\/05\/carpet-cleaning-tips-300x183.jpg\" alt=\"\" width=\"300\" height=\"183\" srcset=\"https:\/\/www.nettopuchov.sk\/wp-content\/uploads\/2024\/05\/carpet-cleaning-tips-300x183.jpg 300w, https:\/\/www.nettopuchov.sk\/wp-content\/uploads\/2024\/05\/carpet-cleaning-tips-768x469.jpg 768w, https:\/\/www.nettopuchov.sk\/wp-content\/uploads\/2024\/05\/carpet-cleaning-tips-1000x610.jpg 1000w, https:\/\/www.nettopuchov.sk\/wp-content\/uploads\/2024\/05\/carpet-cleaning-tips-230x140.jpg 230w, https:\/\/www.nettopuchov.sk\/wp-content\/uploads\/2024\/05\/carpet-cleaning-tips-350x214.jpg 350w, https:\/\/www.nettopuchov.sk\/wp-content\/uploads\/2024\/05\/carpet-cleaning-tips-480x293.jpg 480w, https:\/\/www.nettopuchov.sk\/wp-content\/uploads\/2024\/05\/carpet-cleaning-tips.jpg 1024w\" sizes=\"(max-width: 300px) 100vw, 300px\" \/><\/p>\n","protected":false},"excerpt":{"rendered":"","protected":false},"author":1,"featured_media":0,"parent":41,"menu_order":0,"comment_status":"closed","ping_status":"closed","template":"","meta":{"_monsterinsights_skip_tracking":false,"_monsterinsights_sitenote_active":false,"_monsterinsights_sitenote_note":"","_monsterinsights_sitenote_category":0,"footnotes":""},"yoast_head":"<!-- This site is optimized with the Yoast SEO plugin v16.0.2 - https:\/\/yoast.com\/wordpress\/plugins\/seo\/ -->\n<title>TEPOVANIE - Netto P\u00fachov<\/title>\n<link rel=\"canonical\" href=\"https:\/\/www.nettopuchov.sk\/?page_id=85\" \/>\n<meta property=\"og:locale\" content=\"sk_SK\" \/>\n<meta property=\"og:type\" content=\"article\" \/>\n<meta property=\"og:title\" content=\"TEPOVANIE - Netto P\u00fachov\" \/>\n<meta property=\"og:url\" content=\"https:\/\/www.nettopuchov.sk\/?page_id=85\" \/>\n<meta property=\"og:site_name\" content=\"Netto P\u00fachov\" \/>\n<meta property=\"article:modified_time\" content=\"2024-07-30T14:38:09+00:00\" \/>\n<meta property=\"og:image\" content=\"https:\/\/www.nettopuchov.sk\/wp-content\/uploads\/2024\/05\/carpet-cleaning-tips-300x183.jpg\" \/>\n<meta name=\"twitter:card\" content=\"summary_large_image\" \/>\n<meta name=\"twitter:label1\" content=\"Predpokladan\u00fd \u010das \u010d\u00edtania\">\n\t<meta name=\"twitter:data1\" content=\"1 min\u00fata\">\n<script type=\"application\/ld+json\" class=\"yoast-schema-graph\">{\"@context\":\"https:\/\/schema.org\",\"@graph\":[{\"@type\":\"WebSite\",\"@id\":\"https:\/\/www.nettopuchov.sk\/#website\",\"url\":\"https:\/\/www.nettopuchov.sk\/\",\"name\":\"Netto P\\u00fachov\",\"description\":\"...aby v\\u0161etko bolo \\u010dist\\u00e9...\",\"potentialAction\":[{\"@type\":\"SearchAction\",\"target\":\"https:\/\/www.nettopuchov.sk\/?s={search_term_string}\",\"query-input\":\"required name=search_term_string\"}],\"inLanguage\":\"sk-SK\"},{\"@type\":\"ImageObject\",\"@id\":\"https:\/\/www.nettopuchov.sk\/?page_id=85#primaryimage\",\"inLanguage\":\"sk-SK\",\"url\":\"https:\/\/www.nettopuchov.sk\/wp-content\/uploads\/2024\/05\/carpet-cleaning-tips.jpg\",\"width\":1024,\"height\":625},{\"@type\":\"WebPage\",\"@id\":\"https:\/\/www.nettopuchov.sk\/?page_id=85#webpage\",\"url\":\"https:\/\/www.nettopuchov.sk\/?page_id=85\",\"name\":\"TEPOVANIE - Netto P\\u00fachov\",\"isPartOf\":{\"@id\":\"https:\/\/www.nettopuchov.sk\/#website\"},\"primaryImageOfPage\":{\"@id\":\"https:\/\/www.nettopuchov.sk\/?page_id=85#primaryimage\"},\"datePublished\":\"2024-07-02T10:46:02+00:00\",\"dateModified\":\"2024-07-30T14:38:09+00:00\",\"breadcrumb\":{\"@id\":\"https:\/\/www.nettopuchov.sk\/?page_id=85#breadcrumb\"},\"inLanguage\":\"sk-SK\",\"potentialAction\":[{\"@type\":\"ReadAction\",\"target\":[\"https:\/\/www.nettopuchov.sk\/?page_id=85\"]}]},{\"@type\":\"BreadcrumbList\",\"@id\":\"https:\/\/www.nettopuchov.sk\/?page_id=85#breadcrumb\",\"itemListElement\":[{\"@type\":\"ListItem\",\"position\":1,\"item\":{\"@type\":\"WebPage\",\"@id\":\"https:\/\/www.nettopuchov.sk\/\",\"url\":\"https:\/\/www.nettopuchov.sk\/\",\"name\":\"Home\"}},{\"@type\":\"ListItem\",\"position\":2,\"item\":{\"@type\":\"WebPage\",\"@id\":\"https:\/\/www.nettopuchov.sk\/\",\"url\":\"https:\/\/www.nettopuchov.sk\/\",\"name\":\"NA\\u0160E SLU\\u017dBY\"}},{\"@type\":\"ListItem\",\"position\":3,\"item\":{\"@type\":\"WebPage\",\"@id\":\"https:\/\/www.nettopuchov.sk\/?page_id=85\",\"url\":\"https:\/\/www.nettopuchov.sk\/?page_id=85\",\"name\":\"TEPOVANIE\"}}]}]}<\/script>\n<!-- \/ Yoast SEO plugin. -->","_links":{"self":[{"href":"https:\/\/www.nettopuchov.sk\/index.php?rest_route=\/wp\/v2\/pages\/85"}],"collection":[{"href":"https:\/\/www.nettopuchov.sk\/index.php?rest_route=\/wp\/v2\/pages"}],"about":[{"href":"https:\/\/www.nettopuchov.sk\/index.php?rest_route=\/wp\/v2\/types\/page"}],"author":[{"embeddable":true,"href":"https:\/\/www.nettopuchov.sk\/index.php?rest_route=\/wp\/v2\/users\/1"}],"replies":[{"embeddable":true,"href":"https:\/\/www.nettopuchov.sk\/index.php?rest_route=%2Fwp%2Fv2%2Fcomments&post=85"}],"version-history":[{"count":2,"href":"https:\/\/www.nettopuchov.sk\/index.php?rest_route=\/wp\/v2\/pages\/85\/revisions"}],"predecessor-version":[{"id":116,"href":"https:\/\/www.nettopuchov.sk\/index.php?rest_route=\/wp\/v2\/pages\/85\/revisions\/116"}],"up":[{"embeddable":true,"href":"https:\/\/www.nettopuchov.sk\/index.php?rest_route=\/wp\/v2\/pages\/41"}],"wp:attachment":[{"href":"https:\/\/www.nettopuchov.sk\/index.php?rest_route=%2Fwp%2Fv2%2Fmedia&parent=85"}],"curies":[{"name":"wp","href":"https:\/\/api.w.org\/{rel}","templated":true}]}}